{"id":1118,"date":"2025-10-09T10:57:00","date_gmt":"2025-10-09T10:57:00","guid":{"rendered":"https:\/\/cliniquemode.com\/?page_id=1118"},"modified":"2025-11-25T16:42:17","modified_gmt":"2025-11-25T16:42:17","slug":"product-comparison-tool","status":"publish","type":"page","link":"https:\/\/cliniquemode.com\/fr\/product-comparison-tool\/","title":{"rendered":"Outil de comparaison de produits"},"content":{"rendered":"<div data-elementor-type=\"wp-page\" data-elementor-id=\"1118\" class=\"elementor elementor-1118\" data-elementor-post-type=\"page\">\n\t\t\t\t<div class=\"elementor-element elementor-element-3743e52a e-con-full animated-fast e-flex elementor-invisible e-con e-parent\" data-id=\"3743e52a\" data-element_type=\"container\" data-settings=\"{&quot;background_background&quot;:&quot;gradient&quot;,&quot;animation&quot;:&quot;fadeInUp&quot;}\">\n\t\t<div class=\"elementor-element elementor-element-327fd968 animated-fast e-flex e-con-boxed elementor-invisible e-con e-child\" data-id=\"327fd968\" data-element_type=\"container\" data-settings=\"{&quot;background_background&quot;:&quot;classic&quot;,&quot;animation&quot;:&quot;fadeInUp&quot;,&quot;animation_delay&quot;:&quot;200&quot;}\">\n\t\t\t\t\t<div class=\"e-con-inner\">\n\t\t<div class=\"elementor-element elementor-element-6c426e54 e-con-full animated-fast e-flex elementor-invisible e-con e-child\" data-id=\"6c426e54\" data-element_type=\"container\" data-settings=\"{&quot;animation&quot;:&quot;fadeInUp&quot;,&quot;animation_delay&quot;:&quot;400&quot;}\">\n\t\t\t\t<div class=\"elementor-element elementor-element-219ece29 elementor-widget elementor-widget-heading\" data-id=\"219ece29\" data-element_type=\"widget\" data-widget_type=\"heading.default\">\n\t\t\t\t\t<span class=\"elementor-heading-title elementor-size-default\">SOLUTIONS PERSONNALIS\u00c9ES DE SOINS DE LA PEAU<\/span>\t\t\t\t<\/div>\n\t\t\t\t<div class=\"elementor-element elementor-element-467b1a02 elementor-widget elementor-widget-heading\" data-id=\"467b1a02\" data-element_type=\"widget\" data-widget_type=\"heading.default\">\n\t\t\t\t\t<h1 class=\"elementor-heading-title elementor-size-default\">Outil de comparaison de produits<\/h1>\t\t\t\t<\/div>\n\t\t\t\t<div class=\"elementor-element elementor-element-4af4be32 elementor-widget__width-initial elementor-widget elementor-widget-text-editor\" data-id=\"4af4be32\" data-element_type=\"widget\" data-widget_type=\"text-editor.default\">\n\t\t\t\t\t\t\t\t\t<p data-start=\"738\" data-end=\"1083\" class=\"translation-block\">L\u2019outil de comparaison de produits CliniqueMode vous aide \u00e0 comparer les soins de la peau avec clart\u00e9 et pr\u00e9cision scientifique. Analysez les ingr\u00e9dients, \u00e9valuez les promesses des produits et d\u00e9couvrez quelles formules correspondent le mieux aux besoins de votre peau.\nPour commencer votre comparaison, veuillez cr\u00e9er un profil dans votre espace compte.<\/p>\t\t\t\t\t\t\t\t<\/div>\n\t\t\t\t<\/div>\n\t\t<div class=\"elementor-element elementor-element-3501ed40 e-con-full animated-fast e-flex elementor-invisible e-con e-child\" data-id=\"3501ed40\" data-element_type=\"container\" data-settings=\"{&quot;animation&quot;:&quot;fadeInUp&quot;,&quot;animation_delay&quot;:&quot;600&quot;}\">\n\t\t<div class=\"elementor-element elementor-element-4c8dcfcf e-con-full e-flex e-con e-child\" data-id=\"4c8dcfcf\" data-element_type=\"container\" data-settings=\"{&quot;background_background&quot;:&quot;classic&quot;}\">\n\t\t\t\t<div class=\"elementor-element elementor-element-1d0b6ccc elementor-widget__width-initial elementor-widget elementor-widget-image\" data-id=\"1d0b6ccc\" data-element_type=\"widget\" data-widget_type=\"image.default\">\n\t\t\t\t\t\t\t\t\t\t\t\t\t\t\t<img fetchpriority=\"high\" decoding=\"async\" width=\"1624\" height=\"1077\" src=\"https:\/\/cliniquemode.com\/wp-content\/uploads\/2025\/10\/cliniquemode-1.webp\" class=\"attachment-full size-full wp-image-1232\" alt=\"ai powered cosmetology clinique mode\" srcset=\"https:\/\/cliniquemode.com\/wp-content\/uploads\/2025\/10\/cliniquemode-1.webp 1624w, https:\/\/cliniquemode.com\/wp-content\/uploads\/2025\/10\/cliniquemode-1-300x199.webp 300w, https:\/\/cliniquemode.com\/wp-content\/uploads\/2025\/10\/cliniquemode-1-1024x679.webp 1024w, https:\/\/cliniquemode.com\/wp-content\/uploads\/2025\/10\/cliniquemode-1-768x509.webp 768w, https:\/\/cliniquemode.com\/wp-content\/uploads\/2025\/10\/cliniquemode-1-1536x1019.webp 1536w, https:\/\/cliniquemode.com\/wp-content\/uploads\/2025\/10\/cliniquemode-1-18x12.webp 18w, https:\/\/cliniquemode.com\/wp-content\/uploads\/2025\/10\/cliniquemode-1-600x398.webp 600w\" sizes=\"(max-width: 1624px) 100vw, 1624px\" \/>\t\t\t\t\t\t\t\t\t\t\t\t\t\t\t<\/div>\n\t\t\t\t<\/div>\n\t\t\t\t<\/div>\n\t\t\t\t\t<\/div>\n\t\t\t\t<\/div>\n\t\t\t\t<\/div>\n\t\t<div class=\"elementor-element elementor-element-4db3782 e-flex e-con-boxed e-con e-parent\" data-id=\"4db3782\" data-element_type=\"container\">\n\t\t\t\t\t<div class=\"e-con-inner\">\n\t\t\t\t<div class=\"elementor-element elementor-element-790a51f elementor-widget elementor-widget-shortcode\" data-id=\"790a51f\" data-element_type=\"widget\" data-widget_type=\"shortcode.default\">\n\t\t\t\t\t\t\t<div class=\"elementor-shortcode\"><div class=\"upgrade-advisor-container\"><p>Veuillez d'abord cr\u00e9er un profil dans votre espace client.<\/p><a href=\"https:\/\/cliniquemode.com\/fr\/my-account\/my-profiles\/\" class=\"button\">Cr\u00e9er un nouveau profil<\/a><\/div><\/div>\n\t\t\t\t\t\t<\/div>\n\t\t\t\t\t<\/div>\n\t\t\t\t<\/div>\n\t\t\t\t<\/div>","protected":false},"excerpt":{"rendered":"<p>Personalized Skincare Solutions Our Custom Facial service is designed to meet your individual skincare needs and leaving your face feeling refreshed.<\/p>","protected":false},"author":5,"featured_media":0,"parent":0,"menu_order":0,"comment_status":"closed","ping_status":"closed","template":"","meta":{"footnotes":""},"class_list":["post-1118","page","type-page","status-publish","hentry"],"yoast_head":"<!-- This site is optimized with the Yoast SEO plugin v26.4 - https:\/\/yoast.com\/wordpress\/plugins\/seo\/ -->\n<title>CliniqueMode Product Comparison Tool \u2013 Skincare Guide<\/title>\n<meta name=\"description\" content=\"Compare skincare with the CliniqueMode Product Comparison Tool to find safer, effective products tailored to your needs.\" \/>\n<meta name=\"robots\" content=\"index, follow, max-snippet:-1, max-image-preview:large, max-video-preview:-1\" \/>\n<link rel=\"canonical\" href=\"https:\/\/cliniquemode.com\/fr\/product-comparison-tool\/\" \/>\n<meta property=\"og:locale\" content=\"fr_FR\" \/>\n<meta property=\"og:type\" content=\"article\" \/>\n<meta property=\"og:title\" content=\"CliniqueMode Product Comparison Tool \u2013 Skincare Guide\" \/>\n<meta property=\"og:description\" content=\"Compare skincare with the CliniqueMode Product Comparison Tool to find safer, effective products tailored to your needs.\" \/>\n<meta property=\"og:url\" content=\"https:\/\/cliniquemode.com\/fr\/product-comparison-tool\/\" \/>\n<meta property=\"og:site_name\" content=\"Clinique Mode\" \/>\n<meta property=\"article:modified_time\" content=\"2025-11-25T16:42:17+00:00\" \/>\n<meta property=\"og:image\" content=\"https:\/\/cliniquemode.com\/wp-content\/uploads\/2025\/10\/cliniquemode-1.webp\" \/>\n<meta name=\"twitter:card\" content=\"summary_large_image\" \/>\n<meta name=\"twitter:label1\" content=\"Dur\u00e9e de lecture estim\u00e9e\" \/>\n\t<meta name=\"twitter:data1\" content=\"1 minute\" \/>\n<script type=\"application\/ld+json\" class=\"yoast-schema-graph\">{\"@context\":\"https:\/\/schema.org\",\"@graph\":[{\"@type\":\"WebPage\",\"@id\":\"https:\/\/cliniquemode.com\/product-comparison-tool\/\",\"url\":\"https:\/\/cliniquemode.com\/product-comparison-tool\/\",\"name\":\"CliniqueMode Product Comparison Tool \u2013 Skincare Guide\",\"isPartOf\":{\"@id\":\"https:\/\/cliniquemode.com\/#website\"},\"primaryImageOfPage\":{\"@id\":\"https:\/\/cliniquemode.com\/product-comparison-tool\/#primaryimage\"},\"image\":{\"@id\":\"https:\/\/cliniquemode.com\/product-comparison-tool\/#primaryimage\"},\"thumbnailUrl\":\"https:\/\/cliniquemode.com\/wp-content\/uploads\/2025\/10\/cliniquemode-1.webp\",\"datePublished\":\"2025-10-09T10:57:00+00:00\",\"dateModified\":\"2025-11-25T16:42:17+00:00\",\"description\":\"Compare skincare with the CliniqueMode Product Comparison Tool to find safer, effective products tailored to your needs.\",\"breadcrumb\":{\"@id\":\"https:\/\/cliniquemode.com\/product-comparison-tool\/#breadcrumb\"},\"inLanguage\":\"fr-FR\",\"potentialAction\":[{\"@type\":\"ReadAction\",\"target\":[\"https:\/\/cliniquemode.com\/product-comparison-tool\/\"]}]},{\"@type\":\"ImageObject\",\"inLanguage\":\"fr-FR\",\"@id\":\"https:\/\/cliniquemode.com\/product-comparison-tool\/#primaryimage\",\"url\":\"https:\/\/cliniquemode.com\/wp-content\/uploads\/2025\/10\/cliniquemode-1.webp\",\"contentUrl\":\"https:\/\/cliniquemode.com\/wp-content\/uploads\/2025\/10\/cliniquemode-1.webp\"},{\"@type\":\"BreadcrumbList\",\"@id\":\"https:\/\/cliniquemode.com\/product-comparison-tool\/#breadcrumb\",\"itemListElement\":[{\"@type\":\"ListItem\",\"position\":1,\"name\":\"Home\",\"item\":\"https:\/\/cliniquemode.com\/\"},{\"@type\":\"ListItem\",\"position\":2,\"name\":\"Product Comparison Tool\"}]},{\"@type\":\"WebSite\",\"@id\":\"https:\/\/cliniquemode.com\/#website\",\"url\":\"https:\/\/cliniquemode.com\/\",\"name\":\"Clinique Mode\",\"description\":\"Your AI-Powered Skincare Guide\",\"publisher\":{\"@id\":\"https:\/\/cliniquemode.com\/#organization\"},\"potentialAction\":[{\"@type\":\"SearchAction\",\"target\":{\"@type\":\"EntryPoint\",\"urlTemplate\":\"https:\/\/cliniquemode.com\/?s={search_term_string}\"},\"query-input\":{\"@type\":\"PropertyValueSpecification\",\"valueRequired\":true,\"valueName\":\"search_term_string\"}}],\"inLanguage\":\"fr-FR\"},{\"@type\":\"Organization\",\"@id\":\"https:\/\/cliniquemode.com\/#organization\",\"name\":\"STELLAR CARE SERVICES LTD\",\"url\":\"https:\/\/cliniquemode.com\/\",\"logo\":{\"@type\":\"ImageObject\",\"inLanguage\":\"fr-FR\",\"@id\":\"https:\/\/cliniquemode.com\/#\/schema\/logo\/image\/\",\"url\":\"https:\/\/cliniquemode.com\/wp-content\/uploads\/2025\/09\/logo.svg?wsr\",\"contentUrl\":\"https:\/\/cliniquemode.com\/wp-content\/uploads\/2025\/09\/logo.svg?wsr\",\"width\":429,\"height\":110,\"caption\":\"STELLAR CARE SERVICES LTD\"},\"image\":{\"@id\":\"https:\/\/cliniquemode.com\/#\/schema\/logo\/image\/\"}}]}<\/script>\n<!-- \/ Yoast SEO plugin. -->","yoast_head_json":{"title":"CliniqueMode Product Comparison Tool \u2013 Skincare Guide","description":"Compare skincare with the CliniqueMode Product Comparison Tool to find safer, effective products tailored to your needs.","robots":{"index":"index","follow":"follow","max-snippet":"max-snippet:-1","max-image-preview":"max-image-preview:large","max-video-preview":"max-video-preview:-1"},"canonical":"https:\/\/cliniquemode.com\/fr\/product-comparison-tool\/","og_locale":"fr_FR","og_type":"article","og_title":"CliniqueMode Product Comparison Tool \u2013 Skincare Guide","og_description":"Compare skincare with the CliniqueMode Product Comparison Tool to find safer, effective products tailored to your needs.","og_url":"https:\/\/cliniquemode.com\/fr\/product-comparison-tool\/","og_site_name":"Clinique Mode","article_modified_time":"2025-11-25T16:42:17+00:00","og_image":[{"url":"https:\/\/cliniquemode.com\/wp-content\/uploads\/2025\/10\/cliniquemode-1.webp","type":"","width":"","height":""}],"twitter_card":"summary_large_image","twitter_misc":{"Dur\u00e9e de lecture estim\u00e9e":"1 minute"},"schema":{"@context":"https:\/\/schema.org","@graph":[{"@type":"WebPage","@id":"https:\/\/cliniquemode.com\/product-comparison-tool\/","url":"https:\/\/cliniquemode.com\/product-comparison-tool\/","name":"CliniqueMode Product Comparison Tool \u2013 Skincare Guide","isPartOf":{"@id":"https:\/\/cliniquemode.com\/#website"},"primaryImageOfPage":{"@id":"https:\/\/cliniquemode.com\/product-comparison-tool\/#primaryimage"},"image":{"@id":"https:\/\/cliniquemode.com\/product-comparison-tool\/#primaryimage"},"thumbnailUrl":"https:\/\/cliniquemode.com\/wp-content\/uploads\/2025\/10\/cliniquemode-1.webp","datePublished":"2025-10-09T10:57:00+00:00","dateModified":"2025-11-25T16:42:17+00:00","description":"Compare skincare with the CliniqueMode Product Comparison Tool to find safer, effective products tailored to your needs.","breadcrumb":{"@id":"https:\/\/cliniquemode.com\/product-comparison-tool\/#breadcrumb"},"inLanguage":"fr-FR","potentialAction":[{"@type":"ReadAction","target":["https:\/\/cliniquemode.com\/product-comparison-tool\/"]}]},{"@type":"ImageObject","inLanguage":"fr-FR","@id":"https:\/\/cliniquemode.com\/product-comparison-tool\/#primaryimage","url":"https:\/\/cliniquemode.com\/wp-content\/uploads\/2025\/10\/cliniquemode-1.webp","contentUrl":"https:\/\/cliniquemode.com\/wp-content\/uploads\/2025\/10\/cliniquemode-1.webp"},{"@type":"BreadcrumbList","@id":"https:\/\/cliniquemode.com\/product-comparison-tool\/#breadcrumb","itemListElement":[{"@type":"ListItem","position":1,"name":"Home","item":"https:\/\/cliniquemode.com\/"},{"@type":"ListItem","position":2,"name":"Product Comparison Tool"}]},{"@type":"WebSite","@id":"https:\/\/cliniquemode.com\/#website","url":"https:\/\/cliniquemode.com\/","name":"Clinique Mode","description":"Your AI-Powered Skincare Guide","publisher":{"@id":"https:\/\/cliniquemode.com\/#organization"},"potentialAction":[{"@type":"SearchAction","target":{"@type":"EntryPoint","urlTemplate":"https:\/\/cliniquemode.com\/?s={search_term_string}"},"query-input":{"@type":"PropertyValueSpecification","valueRequired":true,"valueName":"search_term_string"}}],"inLanguage":"fr-FR"},{"@type":"Organization","@id":"https:\/\/cliniquemode.com\/#organization","name":"STELLAR CARE SERVICES LTD","url":"https:\/\/cliniquemode.com\/","logo":{"@type":"ImageObject","inLanguage":"fr-FR","@id":"https:\/\/cliniquemode.com\/#\/schema\/logo\/image\/","url":"https:\/\/cliniquemode.com\/wp-content\/uploads\/2025\/09\/logo.svg?wsr","contentUrl":"https:\/\/cliniquemode.com\/wp-content\/uploads\/2025\/09\/logo.svg?wsr","width":429,"height":110,"caption":"STELLAR CARE SERVICES LTD"},"image":{"@id":"https:\/\/cliniquemode.com\/#\/schema\/logo\/image\/"}}]}},"_links":{"self":[{"href":"https:\/\/cliniquemode.com\/fr\/wp-json\/wp\/v2\/pages\/1118","targetHints":{"allow":["GET"]}}],"collection":[{"href":"https:\/\/cliniquemode.com\/fr\/wp-json\/wp\/v2\/pages"}],"about":[{"href":"https:\/\/cliniquemode.com\/fr\/wp-json\/wp\/v2\/types\/page"}],"author":[{"embeddable":true,"href":"https:\/\/cliniquemode.com\/fr\/wp-json\/wp\/v2\/users\/5"}],"replies":[{"embeddable":true,"href":"https:\/\/cliniquemode.com\/fr\/wp-json\/wp\/v2\/comments?post=1118"}],"version-history":[{"count":14,"href":"https:\/\/cliniquemode.com\/fr\/wp-json\/wp\/v2\/pages\/1118\/revisions"}],"predecessor-version":[{"id":1950,"href":"https:\/\/cliniquemode.com\/fr\/wp-json\/wp\/v2\/pages\/1118\/revisions\/1950"}],"wp:attachment":[{"href":"https:\/\/cliniquemode.com\/fr\/wp-json\/wp\/v2\/media?parent=1118"}],"curies":[{"name":"wp","href":"https:\/\/api.w.org\/{rel}","templated":true}]}}